{"id":258064,"date":"2020-08-26T07:36:57","date_gmt":"2020-08-26T07:36:57","guid":{"rendered":"https:\/\/bodas.fotodual.com\/acerca-de\/"},"modified":"2023-06-21T12:10:43","modified_gmt":"2023-06-21T12:10:43","slug":"acerca-de","status":"publish","type":"page","link":"https:\/\/bodas.fotodual.com\/pt-pt\/acerca-de\/","title":{"rendered":"Acerca de"},"content":{"rendered":"<p>[et_pb_section fb_built=&#8221;1&#8243; _builder_version=&#8221;4.16&#8243; _module_preset=&#8221;default&#8221; custom_padding=&#8221;||60px|||&#8221; global_colors_info=&#8221;{}&#8221;][et_pb_row column_structure=&#8221;2_5,3_5&#8243; _builder_version=&#8221;4.16&#8243; _module_preset=&#8221;default&#8221; global_colors_info=&#8221;{}&#8221;][et_pb_column type=&#8221;2_5&#8243; _builder_version=&#8221;4.16&#8243; _module_preset=&#8221;default&#8221; custom_padding=&#8221;200px||||false|false&#8221; custom_padding_tablet=&#8221;0px||||false|false&#8221; custom_padding_phone=&#8221;&#8221; custom_padding_last_edited=&#8221;on|tablet&#8221; global_colors_info=&#8221;{}&#8221;][et_pb_text _builder_version=&#8221;4.21.0&#8243; _module_preset=&#8221;default&#8221; text_font=&#8221;Poppins|700|||||||&#8221; text_text_color=&#8221;rgba(0,0,0,0.15)&#8221; text_font_size=&#8221;60px&#8221; custom_margin=&#8221;||20px||false|false&#8221; global_colors_info=&#8221;{}&#8221;]<\/p>\n<p>Ol\u00e1<\/p>\n<p>[\/et_pb_text][et_pb_social_media_follow _builder_version=&#8221;4.21.0&#8243; _module_preset=&#8221;default&#8221; custom_margin=&#8221;|||-10px|false|false&#8221; global_colors_info=&#8221;{}&#8221;][et_pb_social_media_follow_network social_network=&#8221;instagram&#8221; url=&#8221;https:\/\/instagram.com\/fotodualbodas&#8221; icon_color=&#8221;#000000&#8243; _builder_version=&#8221;4.21.0&#8243; _module_preset=&#8221;default&#8221; background_enable_color=&#8221;off&#8221; global_colors_info=&#8221;{}&#8221; follow_button=&#8221;off&#8221; url_new_window=&#8221;on&#8221;]instagram[\/et_pb_social_media_follow_network][et_pb_social_media_follow_network social_network=&#8221;facebook&#8221; url=&#8221;https:\/\/www.facebook.com\/fotodualbodas&#8221; icon_color=&#8221;#000000&#8243; _builder_version=&#8221;4.21.0&#8243; _module_preset=&#8221;default&#8221; background_enable_color=&#8221;off&#8221; custom_margin=&#8221;||||false|false&#8221; custom_padding=&#8221;||||false|false&#8221; global_colors_info=&#8221;{}&#8221; follow_button=&#8221;off&#8221; url_new_window=&#8221;on&#8221;]facebook[\/et_pb_social_media_follow_network][et_pb_social_media_follow_network social_network=&#8221;twitter&#8221; url=&#8221;https:\/\/twitter.com\/fotodual&#8221; icon_color=&#8221;#000000&#8243; _builder_version=&#8221;4.21.0&#8243; _module_preset=&#8221;default&#8221; background_enable_color=&#8221;off&#8221; global_colors_info=&#8221;{}&#8221; follow_button=&#8221;off&#8221; url_new_window=&#8221;on&#8221;]twitter[\/et_pb_social_media_follow_network][\/et_pb_social_media_follow][et_pb_text _builder_version=&#8221;4.21.0&#8243; _module_preset=&#8221;default&#8221; global_colors_info=&#8221;{}&#8221;]<\/p>\n<h1>Esta \u00e9 a nossa hist\u00f3ria.<\/h1>\n<p>[\/et_pb_text][et_pb_text _builder_version=&#8221;4.21.0&#8243; _module_preset=&#8221;default&#8221; global_colors_info=&#8221;{}&#8221;]Somos David e Juani e estamos rodeados por uma incr\u00edvel equipe que nos ajuda a fornecer o melhor servi\u00e7o. David Sanz, diretor da equipe, se apaixonou pela fotografia desde cedo e obteve uma P\u00f3s-Gradua\u00e7\u00e3o em Fotografia e Imagem Digital pela Universidade de Val\u00eancia. Temos orgulho em contar com profissionais talentosos como Javier de Miguel, Dina Cerezo, Juan Carlos Villa, Javier e Daniel Moreno, al\u00e9m de outros cinegrafistas excepcionais, para garantir que oferecemos atendimento personalizado e cobertura excepcional para capturar seus momentos mais especiais.[\/et_pb_text][\/et_pb_column][et_pb_column type=&#8221;3_5&#8243; _builder_version=&#8221;4.16&#8243; _module_preset=&#8221;default&#8221; position_origin_r=&#8221;top_right&#8221; global_colors_info=&#8221;{}&#8221;][et_pb_image src=&#8221;https:\/\/bodas.fotodual.com\/wp-content\/uploads\/2023\/06\/david-juani-bn.jpg&#8221; title_text=&#8221;david-juani&#8211;bn&#8221; align=&#8221;right&#8221; align_tablet=&#8221;left&#8221; align_phone=&#8221;&#8221; align_last_edited=&#8221;on|phone&#8221; _builder_version=&#8221;4.21.0&#8243; _module_preset=&#8221;default&#8221; width_tablet=&#8221;&#8221; width_phone=&#8221;&#8221; width_last_edited=&#8221;on|tablet&#8221; module_alignment_tablet=&#8221;left&#8221; module_alignment_phone=&#8221;&#8221; module_alignment_last_edited=&#8221;on|tablet&#8221; global_colors_info=&#8221;{}&#8221;][\/et_pb_image][\/et_pb_column][\/et_pb_row][et_pb_row _builder_version=&#8221;4.16&#8243; _module_preset=&#8221;default&#8221; max_width=&#8221;850px&#8221; custom_margin=&#8221;60px||||false|false&#8221; custom_margin_tablet=&#8221;0px||||false|false&#8221; custom_margin_phone=&#8221;0px||||false|false&#8221; custom_margin_last_edited=&#8221;on|tablet&#8221; scroll_vertical_motion_enable=&#8221;on&#8221; scroll_vertical_motion=&#8221;0|50|50|100|2|0|0&#8243; motion_trigger_start=&#8221;top&#8221; global_colors_info=&#8221;{}&#8221;][et_pb_column type=&#8221;4_4&#8243; _builder_version=&#8221;4.16&#8243; _module_preset=&#8221;default&#8221; global_colors_info=&#8221;{}&#8221;][et_pb_text _builder_version=&#8221;4.21.0&#8243; _module_preset=&#8221;default&#8221; global_colors_info=&#8221;{}&#8221;]<\/p>\n<p><strong>Por que somos apaixonados por fotografar casamentos?<\/strong> Porque sabemos que as mem\u00f3rias s\u00e3o uma parte importante da hist\u00f3ria e heran\u00e7a da sua fam\u00edlia. Com esse amor e paix\u00e3o, trabalhamos em seus casamentos para capturar os melhores momentos, para que voc\u00ea possa apreci\u00e1-los para sempre.<\/p>\n<p><strong>O nosso estilo?<\/strong> Procuramos capturar os momentos do seu casamento de forma natural, fiel e aut\u00eantica. Evitamos tend\u00eancias passageiras e adotamos um estilo jornal\u00edstico quando necess\u00e1rio. Em vez de ditarmos o roteiro do seu dia especial, queremos capturar o que acontece. Sem descuidar da naturalidade, tamb\u00e9m buscamos a criatividade para que voc\u00ea tenha as fotos dos seus sonhos. Queremos que suas mem\u00f3rias durem para sempre. As tend\u00eancias v\u00eam e v\u00e3o, mas uma boa fotografia sempre ser\u00e1 atemporal. Deixamos um legado para voc\u00ea e sua fam\u00edlia!<\/p>\n<p>[\/et_pb_text][\/et_pb_column][\/et_pb_row][et_pb_row column_structure=&#8221;1_6,1_6,1_6,1_6,1_6,1_6&#8243; use_custom_gutter=&#8221;on&#8221; custom_padding_last_edited=&#8221;on|desktop&#8221; _builder_version=&#8221;4.16&#8243; custom_padding=&#8221;|||&#8221; custom_padding_tablet=&#8221;0px||0px|&#8221; custom_padding_phone=&#8221;&#8221; locked=&#8221;off&#8221; global_colors_info=&#8221;{}&#8221;][et_pb_column type=&#8221;1_6&#8243; _builder_version=&#8221;4.16&#8243; custom_padding=&#8221;|||&#8221; global_colors_info=&#8221;{}&#8221; custom_padding__hover=&#8221;|||&#8221;][et_pb_team_member name=&#8221;David Sanz&#8221; position=&#8221;Fot\u00f3grafo&#8221; image_url=&#8221;https:\/\/bodas.fotodual.com\/wp-content\/uploads\/2023\/06\/david-sanz-fotograf-fotodual.webp&#8221; icon_color=&#8221;#44d89e&#8221; _builder_version=&#8221;4.21.0&#8243; header_font=&#8221;|500|||||||&#8221; header_text_color=&#8221;#486066&#8243; header_font_size=&#8221;18px&#8221; body_font=&#8221;Open Sans||||||||&#8221; background_color=&#8221;#ffffff&#8221; text_orientation=&#8221;center&#8221; max_width=&#8221;360px&#8221; module_alignment=&#8221;center&#8221; custom_margin=&#8221;|||&#8221; custom_padding=&#8221;30px|30px|30px|30px&#8221; animation_style=&#8221;fade&#8221; hover_enabled=&#8221;0&#8243; border_radii=&#8221;on|6px|6px|6px|6px&#8221; box_shadow_style=&#8221;preset1&#8243; box_shadow_vertical=&#8221;10px&#8221; box_shadow_blur=&#8221;24px&#8221; box_shadow_spread=&#8221;6px&#8221; box_shadow_color=&#8221;rgba(0,0,0,0.06)&#8221; icon_hover_color=&#8221;#353740&#8243; global_colors_info=&#8221;{}&#8221; icon_color__hover=&#8221;#353740&#8243; icon_color__hover_enabled=&#8221;on&#8221; sticky_enabled=&#8221;0&#8243; title_text=&#8221;david-sanz-fotograf-fotodual&#8221; header_level=&#8221;h5&#8243; position_font_size=&#8221;15px&#8221;][\/et_pb_team_member][\/et_pb_column][et_pb_column type=&#8221;1_6&#8243; _builder_version=&#8221;4.16&#8243; custom_padding=&#8221;|||&#8221; global_colors_info=&#8221;{}&#8221; custom_padding__hover=&#8221;|||&#8221;][et_pb_team_member name=&#8221;Juani Ventura&#8221; position=&#8221;Fot\u00f3grafa&#8221; image_url=&#8221;https:\/\/bodas.fotodual.com\/wp-content\/uploads\/2023\/06\/fotografo-juani-ventura-fotodual.webp&#8221; icon_color=&#8221;#44d89e&#8221; _builder_version=&#8221;4.21.0&#8243; header_font=&#8221;|500|||||||&#8221; header_text_color=&#8221;#486066&#8243; header_font_size=&#8221;18px&#8221; body_font=&#8221;||||||||&#8221; background_color=&#8221;#ffffff&#8221; text_orientation=&#8221;center&#8221; max_width=&#8221;360px&#8221; module_alignment=&#8221;center&#8221; custom_margin=&#8221;|||&#8221; custom_padding=&#8221;30px|30px|30px|30px&#8221; animation_style=&#8221;fade&#8221; hover_enabled=&#8221;0&#8243; border_radii=&#8221;on|6px|6px|6px|6px&#8221; box_shadow_style=&#8221;preset1&#8243; box_shadow_vertical=&#8221;10px&#8221; box_shadow_blur=&#8221;24px&#8221; box_shadow_spread=&#8221;6px&#8221; box_shadow_color=&#8221;rgba(0,0,0,0.06)&#8221; icon_hover_color=&#8221;#353740&#8243; global_colors_info=&#8221;{}&#8221; icon_color__hover=&#8221;#353740&#8243; icon_color__hover_enabled=&#8221;on&#8221; title_text=&#8221;fotografo-juani-ventura-fotodual&#8221; sticky_enabled=&#8221;0&#8243; header_level=&#8221;h5&#8243; body_font_size=&#8221;15px&#8221;][\/et_pb_team_member][\/et_pb_column][et_pb_column type=&#8221;1_6&#8243; _builder_version=&#8221;4.16&#8243; custom_padding=&#8221;|||&#8221; global_colors_info=&#8221;{}&#8221; custom_padding__hover=&#8221;|||&#8221;][et_pb_team_member name=&#8221;Javier De Miguel&#8221; position=&#8221;Fot\u00f3grafo&#8221; image_url=&#8221;https:\/\/bodas.fotodual.com\/wp-content\/uploads\/2023\/06\/javier-demiguel-fotografo.webp&#8221; icon_color=&#8221;#44d89e&#8221; _builder_version=&#8221;4.21.0&#8243; header_font=&#8221;|500|||||||&#8221; header_text_color=&#8221;#486066&#8243; header_font_size=&#8221;18px&#8221; body_font=&#8221;||||||||&#8221; background_color=&#8221;#ffffff&#8221; text_orientation=&#8221;center&#8221; max_width=&#8221;360px&#8221; module_alignment=&#8221;center&#8221; custom_margin=&#8221;|||&#8221; custom_padding=&#8221;30px|30px|30px|30px&#8221; animation_style=&#8221;fade&#8221; hover_enabled=&#8221;0&#8243; border_radii=&#8221;on|6px|6px|6px|6px&#8221; box_shadow_style=&#8221;preset1&#8243; box_shadow_vertical=&#8221;10px&#8221; box_shadow_blur=&#8221;24px&#8221; box_shadow_spread=&#8221;6px&#8221; box_shadow_color=&#8221;rgba(0,0,0,0.06)&#8221; icon_hover_color=&#8221;#353740&#8243; global_colors_info=&#8221;{}&#8221; icon_color__hover=&#8221;#353740&#8243; icon_color__hover_enabled=&#8221;on&#8221; header_level=&#8221;h5&#8243; position_font_size=&#8221;15px&#8221; sticky_enabled=&#8221;0&#8243; title_text=&#8221;javier-demiguel-fotografo&#8221;][\/et_pb_team_member][\/et_pb_column][et_pb_column type=&#8221;1_6&#8243; _builder_version=&#8221;4.16&#8243; custom_padding=&#8221;|||&#8221; global_colors_info=&#8221;{}&#8221; custom_padding__hover=&#8221;|||&#8221;][et_pb_team_member name=&#8221;Dina Cerezo&#8221; position=&#8221;Maquilhadora&#8221; image_url=&#8221;https:\/\/bodas.fotodual.com\/wp-content\/uploads\/2023\/06\/cerezo-dina-maquilladora.webp&#8221; icon_color=&#8221;#44d89e&#8221; _builder_version=&#8221;4.21.0&#8243; header_font=&#8221;|500|||||||&#8221; header_text_color=&#8221;#486066&#8243; header_font_size=&#8221;18px&#8221; body_font=&#8221;||||||||&#8221; background_color=&#8221;#ffffff&#8221; text_orientation=&#8221;center&#8221; max_width=&#8221;360px&#8221; module_alignment=&#8221;center&#8221; custom_margin=&#8221;|||&#8221; custom_padding=&#8221;30px|30px|30px|30px&#8221; animation_style=&#8221;fade&#8221; animation_delay=&#8221;100ms&#8221; hover_enabled=&#8221;0&#8243; border_radii=&#8221;on|6px|6px|6px|6px&#8221; box_shadow_style=&#8221;preset1&#8243; box_shadow_vertical=&#8221;10px&#8221; box_shadow_blur=&#8221;24px&#8221; box_shadow_spread=&#8221;6px&#8221; box_shadow_color=&#8221;rgba(0,0,0,0.06)&#8221; icon_hover_color=&#8221;#353740&#8243; global_colors_info=&#8221;{}&#8221; icon_color__hover=&#8221;#353740&#8243; icon_color__hover_enabled=&#8221;on&#8221; header_level=&#8221;h5&#8243; position_font_size=&#8221;15px&#8221; sticky_enabled=&#8221;0&#8243; title_text=&#8221;cerezo-dina-maquilladora&#8221;][\/et_pb_team_member][\/et_pb_column][et_pb_column type=&#8221;1_6&#8243; _builder_version=&#8221;4.16&#8243; custom_padding=&#8221;|||&#8221; global_colors_info=&#8221;{}&#8221; custom_padding__hover=&#8221;|||&#8221;][et_pb_team_member name=&#8221;Carlos Villa&#8221; position=&#8221;Vide\u00f3grafo&#8221; image_url=&#8221;https:\/\/bodas.fotodual.com\/wp-content\/uploads\/2023\/06\/video-juan-carlos-villa-videografo.webp&#8221; icon_color=&#8221;#44d89e&#8221; _builder_version=&#8221;4.21.0&#8243; header_font=&#8221;|500|||||||&#8221; header_text_color=&#8221;#486066&#8243; header_font_size=&#8221;18px&#8221; body_font=&#8221;||||||||&#8221; background_color=&#8221;#ffffff&#8221; text_orientation=&#8221;center&#8221; max_width=&#8221;360px&#8221; module_alignment=&#8221;center&#8221; custom_margin=&#8221;|||&#8221; custom_padding=&#8221;30px|30px|30px|30px&#8221; animation_style=&#8221;fade&#8221; animation_delay=&#8221;200ms&#8221; hover_enabled=&#8221;0&#8243; border_radii=&#8221;on|6px|6px|6px|6px&#8221; box_shadow_style=&#8221;preset1&#8243; box_shadow_vertical=&#8221;10px&#8221; box_shadow_blur=&#8221;24px&#8221; box_shadow_spread=&#8221;6px&#8221; box_shadow_color=&#8221;rgba(0,0,0,0.06)&#8221; icon_hover_color=&#8221;#353740&#8243; locked=&#8221;off&#8221; global_colors_info=&#8221;{}&#8221; icon_color__hover=&#8221;#353740&#8243; icon_color__hover_enabled=&#8221;on&#8221; header_level=&#8221;h5&#8243; body_font_size=&#8221;15px&#8221; sticky_enabled=&#8221;0&#8243; title_text=&#8221;video-juan-carlos-villa-videografo&#8221;][\/et_pb_team_member][\/et_pb_column][et_pb_column type=&#8221;1_6&#8243; _builder_version=&#8221;4.16&#8243; custom_padding=&#8221;|||&#8221; global_colors_info=&#8221;{}&#8221; custom_padding__hover=&#8221;|||&#8221;][et_pb_team_member name=&#8221;Javier Moreno&#8221; position=&#8221;Vide\u00f3grafo&#8221; image_url=&#8221;https:\/\/bodas.fotodual.com\/wp-content\/uploads\/2023\/06\/javier-moreno-video-fotografo.webp&#8221; icon_color=&#8221;#44d89e&#8221; _builder_version=&#8221;4.21.0&#8243; header_font=&#8221;|500|||||||&#8221; header_text_color=&#8221;#486066&#8243; header_font_size=&#8221;18px&#8221; body_font=&#8221;||||||||&#8221; background_color=&#8221;#ffffff&#8221; text_orientation=&#8221;center&#8221; max_width=&#8221;360px&#8221; module_alignment=&#8221;center&#8221; custom_margin=&#8221;|||&#8221; custom_padding=&#8221;30px|30px|30px|30px&#8221; animation_style=&#8221;fade&#8221; animation_delay=&#8221;200ms&#8221; hover_enabled=&#8221;0&#8243; border_radii=&#8221;on|6px|6px|6px|6px&#8221; box_shadow_style=&#8221;preset1&#8243; box_shadow_vertical=&#8221;10px&#8221; box_shadow_blur=&#8221;24px&#8221; box_shadow_spread=&#8221;6px&#8221; box_shadow_color=&#8221;rgba(0,0,0,0.06)&#8221; icon_hover_color=&#8221;#353740&#8243; locked=&#8221;off&#8221; global_colors_info=&#8221;{}&#8221; icon_color__hover=&#8221;#353740&#8243; icon_color__hover_enabled=&#8221;on&#8221; title_text=&#8221;javier-moreno-video-fotografo&#8221; header_level=&#8221;h5&#8243; body_font_size=&#8221;15px&#8221; sticky_enabled=&#8221;0&#8243;][\/et_pb_team_member][\/et_pb_column][\/et_pb_row][\/et_pb_section]<\/p>\n","protected":false},"excerpt":{"rendered":"<p>Ol\u00e1Esta \u00e9 a nossa hist\u00f3ria.Somos David e Juani e estamos rodeados por uma incr\u00edvel equipe que nos ajuda a fornecer o melhor servi\u00e7o. David Sanz, diretor da equipe, se apaixonou pela fotografia desde cedo e obteve uma P\u00f3s-Gradua\u00e7\u00e3o em Fotografia e Imagem Digital pela Universidade de Val\u00eancia. Temos orgulho em contar com profissionais talentosos como [&hellip;]<\/p>\n","protected":false},"author":1,"featured_media":0,"parent":0,"menu_order":7,"comment_status":"closed","ping_status":"closed","template":"","meta":{"_et_pb_use_builder":"on","_et_pb_old_content":"","_et_gb_content_width":"","footnotes":""},"class_list":["post-258064","page","type-page","status-publish","hentry"],"jetpack_sharing_enabled":true,"_links":{"self":[{"href":"https:\/\/bodas.fotodual.com\/pt-pt\/wp-json\/wp\/v2\/pages\/258064","targetHints":{"allow":["GET"]}}],"collection":[{"href":"https:\/\/bodas.fotodual.com\/pt-pt\/wp-json\/wp\/v2\/pages"}],"about":[{"href":"https:\/\/bodas.fotodual.com\/pt-pt\/wp-json\/wp\/v2\/types\/page"}],"author":[{"embeddable":true,"href":"https:\/\/bodas.fotodual.com\/pt-pt\/wp-json\/wp\/v2\/users\/1"}],"replies":[{"embeddable":true,"href":"https:\/\/bodas.fotodual.com\/pt-pt\/wp-json\/wp\/v2\/comments?post=258064"}],"version-history":[{"count":0,"href":"https:\/\/bodas.fotodual.com\/pt-pt\/wp-json\/wp\/v2\/pages\/258064\/revisions"}],"wp:attachment":[{"href":"https:\/\/bodas.fotodual.com\/pt-pt\/wp-json\/wp\/v2\/media?parent=258064"}],"curies":[{"name":"wp","href":"https:\/\/api.w.org\/{rel}","templated":true}]}}